{"id":1875,"date":"2022-11-26T09:19:56","date_gmt":"2022-11-26T09:19:56","guid":{"rendered":"https:\/\/www.campinglasantoire.fr\/en-vacances-en-france-avec-votre-chien\/"},"modified":"2022-11-28T08:01:54","modified_gmt":"2022-11-28T08:01:54","slug":"en-vacances-en-france-avec-votre-chien","status":"publish","type":"page","link":"https:\/\/www.campinglasantoire.fr\/fr\/en-vacances-en-france-avec-votre-chien\/","title":{"rendered":"En vacances en France avec votre chien"},"content":{"rendered":"<h3 class=\"text-title\">As-tu un chien? Alors il y a de fortes chances que vous souhaitiez emmener votre ami \u00e0 quatre pattes avec vous lorsque vous partez en vacances. Comment confortable! La plupart des chiens sont les bienvenus en France, mais il est toujours sage de rechercher et de pr\u00e9parer certaines choses importantes \u00e0 l&#8217;avance.<\/h3>\n<h2>Identification de votre animal de compagnie et vaccinations<\/h2>\n<p>Les animaux de compagnie doivent \u00eatre identifiables et doivent avoir :<\/p>\n<ul>\n<li>Une puce \u00e9lectronique ou un tatouage<\/li>\n<li>Un passeport europ\u00e9en pour animaux de compagnie<\/li>\n<li>Une vaccination valide contre la rage<\/li>\n<\/ul>\n<p>Les animaux de moins de 3 mois et les animaux non vaccin\u00e9s contre la rage ne sont pas autoris\u00e9s en France. Les animaux de compagnie qui ont \u00e9t\u00e9 vaccin\u00e9s contre la rage pour la premi\u00e8re fois ne sont autoris\u00e9s \u00e0 entrer en France que 21 jours apr\u00e8s la vaccination.<\/p>\n<h2>R\u00e8gles pour les chiens de combat et les chiens de garde en France<\/h2>\n<p>Il existe des r\u00e8gles et des conditions distinctes pour les chiens de combat. Il n&#8217;est pas toujours possible d&#8217;emmener ces chiens en France. Ces chiens, consid\u00e9r\u00e9s comme potentiellement dangereux, sont divis\u00e9s en deux cat\u00e9gories :<\/p>\n<h3>Cat\u00e9gorie 1<\/h3>\n<p>Les chiens relevant de la cat\u00e9gorie 1 ne sont <strong>pas admis<\/strong> sur le territoire fran\u00e7ais. Il s&#8217;agit de certains croisements non inscrits dans un livre des origines reconnu par le minist\u00e8re fran\u00e7ais de l&#8217;agriculture et qui ressemblent en apparence \u00e0 :<\/p>\n<ul>\n<li>Pitbulls et croisements avec l&#8217;American Staffordshire Terrier;<\/li>\n<li>taureaux Boer et croisements Mastiff ;<\/li>\n<li>Croise avec le Tosa.<\/li>\n<li>Croise avec le Tosa.<\/li>\n<\/ul>\n<h3>Cat\u00e9gorie 2<\/h3>\n<p>Les chiens relevant de la cat\u00e9gorie 2 ne sont autoris\u00e9s \u00e0 entrer en France que sous <strong>des conditions strictes.<\/strong> Les chiens suivants avec pedigree rel\u00e8vent de la cat\u00e9gorie 2 :<\/p>\n<ul>\n<li>American Staffordshire Terrier ;<\/li>\n<li>Tossa ;<\/li>\n<li>Rottweiler et se croise avec le Rottweiler.<\/li>\n<\/ul>\n<p>Pour \u00eatre autoris\u00e9 \u00e0 emmener ces chiens de cat\u00e9gorie 2 en France ou en transit par la France, il faut respecter des conditions strictes qui ne sont pas r\u00e9alistes pour un court s\u00e9jour. Par exemple, vous avez besoin d&#8217;un permis de gardien fran\u00e7ais et d&#8217;un r\u00e9sultat positif \u00e0 un test de morsure que votre chien doit passer en France. En plus des diff\u00e9rentes conditions, le pedigree doit \u00eatre internationalement reconnu et doit \u00eatre reconnu par le minist\u00e8re fran\u00e7ais de l&#8217;agriculture. Les pedigrees reconnus sont list\u00e9s sur le site de la <a href=\"http:\/\/www.fci.be\/en\/Nomenclature\/\" target=\"_blank\" rel=\"noopener\">FCI <span class=\"external-link\">(Lien externe)<\/span><\/a> et de la <a href=\"http:\/\/www.scc.asso.fr\/\" target=\"_blank\" rel=\"noopener\">SCC Asso (<span class=\"external-link\">Lien externe)<\/span><\/a><\/p>\n<p><strong>En savoir plus sur les cat\u00e9gories et les termes des chiens de combat :<\/strong><\/p>\n<ul>\n<li><a href=\"http:\/\/www.ambafrance-nl.org\/Met-uw-hond-kat-of-fret-op,18492\" target=\"_blank\" rel=\"noopener\">L&#8217;Ambassade de France <span class=\"external-link\">(Lien externe)<\/span><\/a><\/li>\n<li><a href=\"https:\/\/www.nederlandwereldwijd.nl\/reizen\/huisdieren-mee-op-vakantie\/frankrijk\" target=\"_blank\" rel=\"noopener\">L&#8217;Ambassade des Pays-Bas en France <span class=\"external-link\">(Lien externe)<\/span><\/a><\/li>\n<li><a href=\"http:\/\/agriculture.gouv.fr\/alimentation\/sante-protection-des-animaux\" target=\"_blank\" rel=\"noopener\">Minist\u00e8re de l&#8217;Agriculture <span class=\"external-link\">(Lien externe)<\/span><\/a><\/li>\n<\/ul>\n<div class=\"editor\">\n<h3>R\u00e8gles pour les chiens qui ressemblent \u00e0 des chiens de combat<\/h3>\n<p>Le <strong>service v\u00e9t\u00e9rinaire fran\u00e7ais<\/strong> (qui fait partie du minist\u00e8re fran\u00e7ais de l&#8217;agriculture) indique que certaines races de chiens qui sont enregistr\u00e9es et qui ne rel\u00e8vent pas des deux cat\u00e9gories ci-dessus de chiens de combat et de garde peuvent encore pr\u00e9senter une <strong>ressemblance<\/strong> avec ces chiens. Il existe \u00e9galement un risque important pour les races de chiens non inscrites dans les registres et pr\u00e9sentant des similitudes avec ces chiens de combat et de garde. L&#8217;\u00e9valuation diff\u00e8re par chien, apr\u00e8s un diagnostic approfondi et <strong>complet par un v\u00e9t\u00e9rinaire.<\/strong><\/p>\n<p>Il est important que ce type de chiens qui souhaitent \u00eatre emmen\u00e9s en France (m\u00eame pour un court s\u00e9jour) fassent l&#8217;objet d&#8217;un examen et d&#8217;un diagnostic par un v\u00e9t\u00e9rinaire. Si cet examen montre que le chien en question ne pr\u00e9sente pas <strong>beaucoup de ressemblance<\/strong> avec les chiens des cat\u00e9gories 1 et 2, le v\u00e9t\u00e9rinaire peut \u00e9tablir un <strong>certificat<\/strong> (en anglais ou en fran\u00e7ais), avec signature.<\/p>\n<p>Cette attestation doit mentionner que le chien identifi\u00e9 (nom, race, etc.) n&#8217;appartient pas \u00e0 l&#8217;une des deux cat\u00e9gories de chiens de combat et de garde telles que d\u00e9finies <em>\u00e0 l&#8217;article L.211-12 Code Rural Fran\u00e7ais.<\/em> Le propri\u00e9taire du chien en France doit \u00eatre en mesure de pr\u00e9senter ce certificat \u00e0 chaque r\u00e9clamation des forces de l&#8217;ordre fran\u00e7aises.<\/p>\n<p><strong>Cependant, il est important de savoir<\/strong> que cette attestation, en cas de contr\u00f4le en France et en cas de doute de la part des forces de l&#8217;ordre fran\u00e7aises, pourra donner lieu \u00e0 une contre-enqu\u00eate. Si ce dernier examen contredit le certificat et confirme que l&#8217;animal appartient bien \u00e0 l&#8217;une des deux cat\u00e9gories en raison d&#8217;une grande ressemblance, le propri\u00e9taire du chien pourra recevoir une sanction et\/ou une amende et ce contre-examen pourra m\u00eame conduire \u00e0 la confiscation. du chien en question.<\/p>\n<\/div>\n<div class=\"editor\"><\/div>\n<div class=\"editor\"><\/div>\n","protected":false},"excerpt":{"rendered":"<p>As-tu un chien? Alors il y a de fortes chances que vous souhaitiez emmener votre ami \u00e0 quatre pattes avec vous lorsque vous partez en vacances. Comment confortable! La plupart des chiens sont les bienvenus en France, mais il est toujours sage de rechercher et de pr\u00e9parer certaines choses importantes \u00e0 l&#8217;avance. Identification de votre [&hellip;]<\/p>\n","protected":false},"author":1,"featured_media":1910,"parent":0,"menu_order":0,"comment_status":"closed","ping_status":"closed","template":"","meta":{"content-type":"","inline_featured_image":false,"footnotes":""},"class_list":["post-1875","page","type-page","status-publish","has-post-thumbnail","hentry"],"yoast_head":"<!-- This site is optimized with the Yoast SEO plugin v24.7 - https:\/\/yoast.com\/wordpress\/plugins\/seo\/ -->\n<title>En vacances en France avec votre chien - Camping La Santoire ***<\/title>\n<meta name=\"description\" content=\"La plupart des chiens sont les bienvenus en France, mais il est sage de rechercher et de pr\u00e9parer quelques petites choses \u00e0 l&#039;avance.\" \/>\n<meta name=\"robots\" content=\"index, follow, max-snippet:-1, max-image-preview:large, max-video-preview:-1\" \/>\n<link rel=\"canonical\" href=\"https:\/\/www.campinglasantoire.fr\/fr\/en-vacances-en-france-avec-votre-chien\/\" \/>\n<meta property=\"og:locale\" content=\"fr_FR\" \/>\n<meta property=\"og:type\" content=\"article\" \/>\n<meta property=\"og:title\" content=\"En vacances en France avec votre chien - Camping La Santoire ***\" \/>\n<meta property=\"og:description\" content=\"La plupart des chiens sont les bienvenus en France, mais il est sage de rechercher et de pr\u00e9parer quelques petites choses \u00e0 l&#039;avance.\" \/>\n<meta property=\"og:url\" content=\"https:\/\/www.campinglasantoire.fr\/fr\/en-vacances-en-france-avec-votre-chien\/\" \/>\n<meta property=\"og:site_name\" content=\"Camping La Santoire ***\" \/>\n<meta property=\"article:publisher\" content=\"https:\/\/www.facebook.com\/campinglasantoire\" \/>\n<meta property=\"article:modified_time\" content=\"2022-11-28T08:01:54+00:00\" \/>\n<meta property=\"og:image\" content=\"https:\/\/www.campinglasantoire.fr\/wp-content\/uploads\/2022\/11\/HOND_PaginaHeader.jpg\" \/>\n\t<meta property=\"og:image:width\" content=\"1000\" \/>\n\t<meta property=\"og:image:height\" content=\"509\" \/>\n\t<meta property=\"og:image:type\" content=\"image\/jpeg\" \/>\n<meta name=\"twitter:card\" content=\"summary_large_image\" \/>\n<meta name=\"twitter:label1\" content=\"Dur\u00e9e de lecture estim\u00e9e\" \/>\n\t<meta name=\"twitter:data1\" content=\"4 minutes\" \/>\n<script type=\"application\/ld+json\" class=\"yoast-schema-graph\">{\"@context\":\"https:\/\/schema.org\",\"@graph\":[{\"@type\":\"WebPage\",\"@id\":\"https:\/\/www.campinglasantoire.fr\/fr\/en-vacances-en-france-avec-votre-chien\/\",\"url\":\"https:\/\/www.campinglasantoire.fr\/fr\/en-vacances-en-france-avec-votre-chien\/\",\"name\":\"En vacances en France avec votre chien - Camping La Santoire ***\",\"isPartOf\":{\"@id\":\"https:\/\/www.campinglasantoire.fr\/fr\/#website\"},\"primaryImageOfPage\":{\"@id\":\"https:\/\/www.campinglasantoire.fr\/fr\/en-vacances-en-france-avec-votre-chien\/#primaryimage\"},\"image\":{\"@id\":\"https:\/\/www.campinglasantoire.fr\/fr\/en-vacances-en-france-avec-votre-chien\/#primaryimage\"},\"thumbnailUrl\":\"https:\/\/www.campinglasantoire.fr\/wp-content\/uploads\/2022\/11\/HOND_PaginaHeader.jpg\",\"datePublished\":\"2022-11-26T09:19:56+00:00\",\"dateModified\":\"2022-11-28T08:01:54+00:00\",\"description\":\"La plupart des chiens sont les bienvenus en France, mais il est sage de rechercher et de pr\u00e9parer quelques petites choses \u00e0 l'avance.\",\"breadcrumb\":{\"@id\":\"https:\/\/www.campinglasantoire.fr\/fr\/en-vacances-en-france-avec-votre-chien\/#breadcrumb\"},\"inLanguage\":\"fr-FR\",\"potentialAction\":[{\"@type\":\"ReadAction\",\"target\":[\"https:\/\/www.campinglasantoire.fr\/fr\/en-vacances-en-france-avec-votre-chien\/\"]}]},{\"@type\":\"ImageObject\",\"inLanguage\":\"fr-FR\",\"@id\":\"https:\/\/www.campinglasantoire.fr\/fr\/en-vacances-en-france-avec-votre-chien\/#primaryimage\",\"url\":\"https:\/\/www.campinglasantoire.fr\/wp-content\/uploads\/2022\/11\/HOND_PaginaHeader.jpg\",\"contentUrl\":\"https:\/\/www.campinglasantoire.fr\/wp-content\/uploads\/2022\/11\/HOND_PaginaHeader.jpg\",\"width\":1000,\"height\":509},{\"@type\":\"BreadcrumbList\",\"@id\":\"https:\/\/www.campinglasantoire.fr\/fr\/en-vacances-en-france-avec-votre-chien\/#breadcrumb\",\"itemListElement\":[{\"@type\":\"ListItem\",\"position\":1,\"name\":\"Home\",\"item\":\"https:\/\/www.campinglasantoire.fr\/fr\/\"},{\"@type\":\"ListItem\",\"position\":2,\"name\":\"En vacances en France avec votre chien\"}]},{\"@type\":\"WebSite\",\"@id\":\"https:\/\/www.campinglasantoire.fr\/fr\/#website\",\"url\":\"https:\/\/www.campinglasantoire.fr\/fr\/\",\"name\":\"Camping La Santoire ***\",\"description\":\"\",\"publisher\":{\"@id\":\"https:\/\/www.campinglasantoire.fr\/fr\/#organization\"},\"potentialAction\":[{\"@type\":\"SearchAction\",\"target\":{\"@type\":\"EntryPoint\",\"urlTemplate\":\"https:\/\/www.campinglasantoire.fr\/fr\/?s={search_term_string}\"},\"query-input\":{\"@type\":\"PropertyValueSpecification\",\"valueRequired\":true,\"valueName\":\"search_term_string\"}}],\"inLanguage\":\"fr-FR\"},{\"@type\":\"Organization\",\"@id\":\"https:\/\/www.campinglasantoire.fr\/fr\/#organization\",\"name\":\"Camping La Santoire\",\"url\":\"https:\/\/www.campinglasantoire.fr\/fr\/\",\"logo\":{\"@type\":\"ImageObject\",\"inLanguage\":\"fr-FR\",\"@id\":\"https:\/\/www.campinglasantoire.fr\/fr\/#\/schema\/logo\/image\/\",\"url\":\"https:\/\/www.campinglasantoire.fr\/wp-content\/uploads\/2022\/11\/LOGO.png\",\"contentUrl\":\"https:\/\/www.campinglasantoire.fr\/wp-content\/uploads\/2022\/11\/LOGO.png\",\"width\":140,\"height\":137,\"caption\":\"Camping La Santoire\"},\"image\":{\"@id\":\"https:\/\/www.campinglasantoire.fr\/fr\/#\/schema\/logo\/image\/\"},\"sameAs\":[\"https:\/\/www.facebook.com\/campinglasantoire\",\"https:\/\/www.instagram.com\/campinglasantoire\/\"]}]}<\/script>\n<!-- \/ Yoast SEO plugin. -->","yoast_head_json":{"title":"En vacances en France avec votre chien - Camping La Santoire ***","description":"La plupart des chiens sont les bienvenus en France, mais il est sage de rechercher et de pr\u00e9parer quelques petites choses \u00e0 l'avance.","robots":{"index":"index","follow":"follow","max-snippet":"max-snippet:-1","max-image-preview":"max-image-preview:large","max-video-preview":"max-video-preview:-1"},"canonical":"https:\/\/www.campinglasantoire.fr\/fr\/en-vacances-en-france-avec-votre-chien\/","og_locale":"fr_FR","og_type":"article","og_title":"En vacances en France avec votre chien - Camping La Santoire ***","og_description":"La plupart des chiens sont les bienvenus en France, mais il est sage de rechercher et de pr\u00e9parer quelques petites choses \u00e0 l'avance.","og_url":"https:\/\/www.campinglasantoire.fr\/fr\/en-vacances-en-france-avec-votre-chien\/","og_site_name":"Camping La Santoire ***","article_publisher":"https:\/\/www.facebook.com\/campinglasantoire","article_modified_time":"2022-11-28T08:01:54+00:00","og_image":[{"width":1000,"height":509,"url":"https:\/\/www.campinglasantoire.fr\/wp-content\/uploads\/2022\/11\/HOND_PaginaHeader.jpg","type":"image\/jpeg"}],"twitter_card":"summary_large_image","twitter_misc":{"Dur\u00e9e de lecture estim\u00e9e":"4 minutes"},"schema":{"@context":"https:\/\/schema.org","@graph":[{"@type":"WebPage","@id":"https:\/\/www.campinglasantoire.fr\/fr\/en-vacances-en-france-avec-votre-chien\/","url":"https:\/\/www.campinglasantoire.fr\/fr\/en-vacances-en-france-avec-votre-chien\/","name":"En vacances en France avec votre chien - Camping La Santoire ***","isPartOf":{"@id":"https:\/\/www.campinglasantoire.fr\/fr\/#website"},"primaryImageOfPage":{"@id":"https:\/\/www.campinglasantoire.fr\/fr\/en-vacances-en-france-avec-votre-chien\/#primaryimage"},"image":{"@id":"https:\/\/www.campinglasantoire.fr\/fr\/en-vacances-en-france-avec-votre-chien\/#primaryimage"},"thumbnailUrl":"https:\/\/www.campinglasantoire.fr\/wp-content\/uploads\/2022\/11\/HOND_PaginaHeader.jpg","datePublished":"2022-11-26T09:19:56+00:00","dateModified":"2022-11-28T08:01:54+00:00","description":"La plupart des chiens sont les bienvenus en France, mais il est sage de rechercher et de pr\u00e9parer quelques petites choses \u00e0 l'avance.","breadcrumb":{"@id":"https:\/\/www.campinglasantoire.fr\/fr\/en-vacances-en-france-avec-votre-chien\/#breadcrumb"},"inLanguage":"fr-FR","potentialAction":[{"@type":"ReadAction","target":["https:\/\/www.campinglasantoire.fr\/fr\/en-vacances-en-france-avec-votre-chien\/"]}]},{"@type":"ImageObject","inLanguage":"fr-FR","@id":"https:\/\/www.campinglasantoire.fr\/fr\/en-vacances-en-france-avec-votre-chien\/#primaryimage","url":"https:\/\/www.campinglasantoire.fr\/wp-content\/uploads\/2022\/11\/HOND_PaginaHeader.jpg","contentUrl":"https:\/\/www.campinglasantoire.fr\/wp-content\/uploads\/2022\/11\/HOND_PaginaHeader.jpg","width":1000,"height":509},{"@type":"BreadcrumbList","@id":"https:\/\/www.campinglasantoire.fr\/fr\/en-vacances-en-france-avec-votre-chien\/#breadcrumb","itemListElement":[{"@type":"ListItem","position":1,"name":"Home","item":"https:\/\/www.campinglasantoire.fr\/fr\/"},{"@type":"ListItem","position":2,"name":"En vacances en France avec votre chien"}]},{"@type":"WebSite","@id":"https:\/\/www.campinglasantoire.fr\/fr\/#website","url":"https:\/\/www.campinglasantoire.fr\/fr\/","name":"Camping La Santoire ***","description":"","publisher":{"@id":"https:\/\/www.campinglasantoire.fr\/fr\/#organization"},"potentialAction":[{"@type":"SearchAction","target":{"@type":"EntryPoint","urlTemplate":"https:\/\/www.campinglasantoire.fr\/fr\/?s={search_term_string}"},"query-input":{"@type":"PropertyValueSpecification","valueRequired":true,"valueName":"search_term_string"}}],"inLanguage":"fr-FR"},{"@type":"Organization","@id":"https:\/\/www.campinglasantoire.fr\/fr\/#organization","name":"Camping La Santoire","url":"https:\/\/www.campinglasantoire.fr\/fr\/","logo":{"@type":"ImageObject","inLanguage":"fr-FR","@id":"https:\/\/www.campinglasantoire.fr\/fr\/#\/schema\/logo\/image\/","url":"https:\/\/www.campinglasantoire.fr\/wp-content\/uploads\/2022\/11\/LOGO.png","contentUrl":"https:\/\/www.campinglasantoire.fr\/wp-content\/uploads\/2022\/11\/LOGO.png","width":140,"height":137,"caption":"Camping La Santoire"},"image":{"@id":"https:\/\/www.campinglasantoire.fr\/fr\/#\/schema\/logo\/image\/"},"sameAs":["https:\/\/www.facebook.com\/campinglasantoire","https:\/\/www.instagram.com\/campinglasantoire\/"]}]}},"_links":{"self":[{"href":"https:\/\/www.campinglasantoire.fr\/fr\/wp-json\/wp\/v2\/pages\/1875","targetHints":{"allow":["GET"]}}],"collection":[{"href":"https:\/\/www.campinglasantoire.fr\/fr\/wp-json\/wp\/v2\/pages"}],"about":[{"href":"https:\/\/www.campinglasantoire.fr\/fr\/wp-json\/wp\/v2\/types\/page"}],"author":[{"embeddable":true,"href":"https:\/\/www.campinglasantoire.fr\/fr\/wp-json\/wp\/v2\/users\/1"}],"replies":[{"embeddable":true,"href":"https:\/\/www.campinglasantoire.fr\/fr\/wp-json\/wp\/v2\/comments?post=1875"}],"version-history":[{"count":1,"href":"https:\/\/www.campinglasantoire.fr\/fr\/wp-json\/wp\/v2\/pages\/1875\/revisions"}],"predecessor-version":[{"id":1944,"href":"https:\/\/www.campinglasantoire.fr\/fr\/wp-json\/wp\/v2\/pages\/1875\/revisions\/1944"}],"wp:featuredmedia":[{"embeddable":true,"href":"https:\/\/www.campinglasantoire.fr\/fr\/wp-json\/wp\/v2\/media\/1910"}],"wp:attachment":[{"href":"https:\/\/www.campinglasantoire.fr\/fr\/wp-json\/wp\/v2\/media?parent=1875"}],"curies":[{"name":"wp","href":"https:\/\/api.w.org\/{rel}","templated":true}]}}